{"id":300,"date":"2023-12-22T03:24:00","date_gmt":"2023-12-22T00:24:00","guid":{"rendered":"https:\/\/hostneva.com.tr\/?page_id=300"},"modified":"2023-12-22T05:20:29","modified_gmt":"2023-12-22T02:20:29","slug":"guides","status":"publish","type":"page","link":"https:\/\/hostneva.com\/tr\/nasil-yapilir\/","title":{"rendered":"K\u0131lavuzlar ve SSS"},"content":{"rendered":"<div data-elementor-type=\"page\" data-elementor-id=\"105\" class=\"elementor elementor-105\" data-elementor-post-type=\"elementor_library\">\n\t\t\t\t\t\t<section class=\"elementor-section elementor-top-section elementor-element elementor-element-37e90b5c elementor-section-height-min-height elementor-section-items-stretch elementor-section-full_width elementor-section-height-default\" data-id=\"37e90b5c\" data-element_type=\"section\" data-settings=\"{&quot;background_background&quot;:&quot;classic&quot;}\">\n\t\t\t\t\t\t\t<div class=\"elementor-background-overlay\"><\/div>\n\t\t\t\t\t\t\t<div class=\"elementor-container elementor-column-gap-no\">\n\t\t\t\t\t<div class=\"elementor-column elementor-col-100 elementor-top-column elementor-element elementor-element-558b1f96\" data-id=\"558b1f96\" data-element_type=\"column\" data-settings=\"{&quot;background_background&quot;:&quot;classic&quot;}\">\n\t\t\t<div class=\"elementor-widget-wrap elementor-element-populated\">\n\t\t\t\t\t<div class=\"elementor-background-overlay\"><\/div>\n\t\t\t\t\t\t<section class=\"elementor-section elementor-inner-section elementor-element elementor-element-160e940c elementor-section-height-min-height elementor-section-boxed elementor-section-height-default\" data-id=\"160e940c\" data-element_type=\"section\">\n\t\t\t\t\t\t<div class=\"elementor-container elementor-column-gap-default\">\n\t\t\t\t\t<div class=\"elementor-column elementor-col-100 elementor-inner-column elementor-element elementor-element-5351d969\" data-id=\"5351d969\" data-element_type=\"column\">\n\t\t\t<div class=\"elementor-widget-wrap elementor-element-populated\">\n\t\t\t\t\t\t<div class=\"elementor-element elementor-element-37da3ecc elementor-widget__width-auto elementor-widget elementor-widget-heading\" data-id=\"37da3ecc\" data-element_type=\"widget\" data-widget_type=\"heading.default\">\n\t\t\t\t<div class=\"elementor-widget-container\">\n\t\t\t\t\t<h2 class=\"elementor-heading-title elementor-size-default\">Genel Soru<\/h2>\t\t\t\t<\/div>\n\t\t\t\t<\/div>\n\t\t\t\t<div class=\"elementor-element elementor-element-1a1ee894 elementor-widget elementor-widget-heading\" data-id=\"1a1ee894\" data-element_type=\"widget\" data-widget_type=\"heading.default\">\n\t\t\t\t<div class=\"elementor-widget-container\">\n\t\t\t\t\t<h3 class=\"elementor-heading-title elementor-size-default\">Nas\u0131l yard\u0131mc\u0131 olabiliriz?<\/h3>\t\t\t\t<\/div>\n\t\t\t\t<\/div>\n\t\t\t\t<div class=\"elementor-element elementor-element-3d79cb96 elementor-widget elementor-widget-jkit_search\" data-id=\"3d79cb96\" data-element_type=\"widget\" data-widget_type=\"jkit_search.default\">\n\t\t\t\t<div class=\"elementor-widget-container\">\n\t\t\t\t\t<div  class=\"jeg-elementor-kit jkit-search jeg_module___69eb3f04e9c4b\" ><div class=\"jkit-search-panel\">\n\t\t\t\t\t<form role=\"search\" method=\"get\" class=\"jkit-search-group\" action=\"https:\/\/hostneva.com\/tr\/\" data-trp-original-action=\"https:\/\/hostneva.com\/tr\/\">\n\t\t\t\t\t\t<label class=\"screen-reader-text\" for=\"jkit-search-input-69eb3f04e9e23\">Aramak<\/label>\n\t\t\t\t\t\t<input id=\"jkit-search-input-69eb3f04e9e23\" type=\"search\" class=\"jkit-search-field\" placeholder=\"Aramak...\" value=\"\" name=\"s\" autocomplete=\"on\" \/>\n\t\t\t\t\t\t<button type=\"submit\" class=\"jkit-search-button\" aria-label=\"Aramak\"><i aria-hidden=\"true\" class=\"jki jki-search11-light\"><\/i><\/button>\n\t\t\t\t\t<input type=\"hidden\" name=\"trp-form-language\" value=\"tr\"\/><\/form>\n\t\t\t\t<\/div><\/div>\t\t\t\t<\/div>\n\t\t\t\t<\/div>\n\t\t\t\t\t<\/div>\n\t\t<\/div>\n\t\t\t\t\t<\/div>\n\t\t<\/section>\n\t\t\t\t\t<\/div>\n\t\t<\/div>\n\t\t\t\t\t<\/div>\n\t\t<\/section>\n\t\t\t\t<section class=\"elementor-section elementor-top-section elementor-element elementor-element-4a7eaaa5 elementor-section-boxed elementor-section-height-default elementor-section-height-default\" data-id=\"4a7eaaa5\" data-element_type=\"section\">\n\t\t\t\t\t\t<div class=\"elementor-container elementor-column-gap-default\">\n\t\t\t\t\t<div class=\"elementor-column elementor-col-100 elementor-top-column elementor-element elementor-element-7cc7524c\" data-id=\"7cc7524c\" data-element_type=\"column\">\n\t\t\t<div class=\"elementor-widget-wrap elementor-element-populated\">\n\t\t\t\t\t\t<div class=\"elementor-element elementor-element-69371a5d elementor-widget elementor-widget-heading\" data-id=\"69371a5d\" data-element_type=\"widget\" data-widget_type=\"heading.default\">\n\t\t\t\t<div class=\"elementor-widget-container\">\n\t\t\t\t\t<h2 class=\"elementor-heading-title elementor-size-default\">S\u0131k\u00e7a Sorulan Sorular<\/h2>\t\t\t\t<\/div>\n\t\t\t\t<\/div>\n\t\t\t\t<section class=\"elementor-section elementor-inner-section elementor-element elementor-element-68561521 elementor-section-boxed elementor-section-height-default elementor-section-height-default\" data-id=\"68561521\" data-element_type=\"section\">\n\t\t\t\t\t\t<div class=\"elementor-container elementor-column-gap-default\">\n\t\t\t\t\t<div class=\"elementor-column elementor-col-25 elementor-inner-column elementor-element elementor-element-589d16bc\" data-id=\"589d16bc\" data-element_type=\"column\" data-settings=\"{&quot;background_background&quot;:&quot;classic&quot;}\">\n\t\t\t<div class=\"elementor-widget-wrap elementor-element-populated\">\n\t\t\t\t\t\t<div class=\"elementor-element elementor-element-487758a4 jkit-equal-height-disable elementor-widget elementor-widget-jkit_icon_box\" data-id=\"487758a4\" data-element_type=\"widget\" data-widget_type=\"jkit_icon_box.default\">\n\t\t\t\t<div class=\"elementor-widget-container\">\n\t\t\t\t\t<div  class=\"jeg-elementor-kit jkit-icon-box icon-position-top elementor-animation-float jeg_module__1_69eb3f04ef80d\" ><div class=\"jkit-icon-box-wrapper hover-from-left\"><div class=\"icon-box icon-box-header elementor-animation-\"><div class=\"icon style-color\"><img fetchpriority=\"high\" decoding=\"async\" width=\"423\" height=\"325\" src=\"https:\/\/hostneva.com\/wp-content\/uploads\/2023\/12\/Asset-0108.png\" class=\"attachment-full size-full\" alt=\"Genel\" url=\"https:\/\/hostneva.com\/wp-content\/uploads\/2023\/12\/Asset-0108.png\" srcset=\"https:\/\/hostneva.com\/wp-content\/uploads\/2023\/12\/Asset-0108.png 423w, https:\/\/hostneva.com\/wp-content\/uploads\/2023\/12\/Asset-0108-300x230.png 300w, https:\/\/hostneva.com\/wp-content\/uploads\/2023\/12\/Asset-0108-16x12.png 16w\" sizes=\"(max-width: 423px) 100vw, 423px\" \/><\/div><\/div><div class=\"icon-box icon-box-body\">\n                <h4 class=\"title\">Genel<\/h4><p class=\"icon-box-description\">Genel Soru \u0130le \u0130lgili Sorular<\/p><div class=\"icon-box-button\">\n                <div class=\"btn-wrapper icon-position-before\">\n                    <a href=\"\" class=\"icon-box-link\" aria-label=\"3 Video | 8 makale\">3 Video | 8 makale<\/a>\n                <\/div>\n            <\/div>\n            <\/div>\n            \n            <\/div><\/div>\t\t\t\t<\/div>\n\t\t\t\t<\/div>\n\t\t\t\t\t<\/div>\n\t\t<\/div>\n\t\t\t\t<div class=\"elementor-column elementor-col-25 elementor-inner-column elementor-element elementor-element-5d484914\" data-id=\"5d484914\" data-element_type=\"column\" data-settings=\"{&quot;background_background&quot;:&quot;classic&quot;}\">\n\t\t\t<div class=\"elementor-widget-wrap elementor-element-populated\">\n\t\t\t\t\t\t<div class=\"elementor-element elementor-element-513126cb jkit-equal-height-disable elementor-widget elementor-widget-jkit_icon_box\" data-id=\"513126cb\" data-element_type=\"widget\" data-widget_type=\"jkit_icon_box.default\">\n\t\t\t\t<div class=\"elementor-widget-container\">\n\t\t\t\t\t<div  class=\"jeg-elementor-kit jkit-icon-box icon-position-top elementor-animation-float jeg_module__2_69eb3f04f05ec\" ><div class=\"jkit-icon-box-wrapper hover-from-left\"><div class=\"icon-box icon-box-header elementor-animation-\"><div class=\"icon style-color\"><img decoding=\"async\" width=\"423\" height=\"325\" src=\"https:\/\/hostneva.com\/wp-content\/uploads\/2023\/12\/Asset-0108.png\" class=\"attachment-full size-full\" alt=\"Web Hosting\" url=\"https:\/\/hostneva.com\/wp-content\/uploads\/2023\/12\/Asset-0108.png\" srcset=\"https:\/\/hostneva.com\/wp-content\/uploads\/2023\/12\/Asset-0108.png 423w, https:\/\/hostneva.com\/wp-content\/uploads\/2023\/12\/Asset-0108-300x230.png 300w, https:\/\/hostneva.com\/wp-content\/uploads\/2023\/12\/Asset-0108-16x12.png 16w\" sizes=\"(max-width: 423px) 100vw, 423px\" \/><\/div><\/div><div class=\"icon-box icon-box-body\">\n                <h4 class=\"title\">Web Hosting<\/h4><p class=\"icon-box-description\">Payla\u015f\u0131ml\u0131 Bar\u0131nd\u0131rma Hakk\u0131nda Sorular.<\/p><div class=\"icon-box-button\">\n                <div class=\"btn-wrapper icon-position-before\">\n                    <a href=\"\" class=\"icon-box-link\" aria-label=\"20 SSS | 8 makale\">20 SSS | 8 makale<\/a>\n                <\/div>\n            <\/div>\n            <\/div>\n            \n            <\/div><\/div>\t\t\t\t<\/div>\n\t\t\t\t<\/div>\n\t\t\t\t\t<\/div>\n\t\t<\/div>\n\t\t\t\t<div class=\"elementor-column elementor-col-25 elementor-inner-column elementor-element elementor-element-1cc75eb6\" data-id=\"1cc75eb6\" data-element_type=\"column\" data-settings=\"{&quot;background_background&quot;:&quot;classic&quot;}\">\n\t\t\t<div class=\"elementor-widget-wrap elementor-element-populated\">\n\t\t\t\t\t\t<div class=\"elementor-element elementor-element-210ed jkit-equal-height-disable elementor-widget elementor-widget-jkit_icon_box\" data-id=\"210ed\" data-element_type=\"widget\" data-widget_type=\"jkit_icon_box.default\">\n\t\t\t\t<div class=\"elementor-widget-container\">\n\t\t\t\t\t<div  class=\"jeg-elementor-kit jkit-icon-box icon-position-top elementor-animation-float jeg_module__3_69eb3f04f0f33\" ><div class=\"jkit-icon-box-wrapper hover-from-left\"><div class=\"icon-box icon-box-header elementor-animation-\"><div class=\"icon style-color\"><img decoding=\"async\" width=\"423\" height=\"325\" src=\"https:\/\/hostneva.com\/wp-content\/uploads\/2023\/12\/Asset-0108.png\" class=\"attachment-full size-full\" alt=\"VPS Sunucusu\" url=\"https:\/\/hostneva.com\/wp-content\/uploads\/2023\/12\/Asset-0108.png\" srcset=\"https:\/\/hostneva.com\/wp-content\/uploads\/2023\/12\/Asset-0108.png 423w, https:\/\/hostneva.com\/wp-content\/uploads\/2023\/12\/Asset-0108-300x230.png 300w, https:\/\/hostneva.com\/wp-content\/uploads\/2023\/12\/Asset-0108-16x12.png 16w\" sizes=\"(max-width: 423px) 100vw, 423px\" \/><\/div><\/div><div class=\"icon-box icon-box-body\">\n                <h4 class=\"title\">VPS Sunucusu<\/h4><p class=\"icon-box-description\">Sanal \u00d6zel Sunucu Hakk\u0131nda Sorular.<\/p><div class=\"icon-box-button\">\n                <div class=\"btn-wrapper icon-position-before\">\n                    <a href=\"\" class=\"icon-box-link\" aria-label=\"7 SSS | 8 makale\">7 SSS | 8 makale<\/a>\n                <\/div>\n            <\/div>\n            <\/div>\n            \n            <\/div><\/div>\t\t\t\t<\/div>\n\t\t\t\t<\/div>\n\t\t\t\t\t<\/div>\n\t\t<\/div>\n\t\t\t\t<div class=\"elementor-column elementor-col-25 elementor-inner-column elementor-element elementor-element-2ffe6aac\" data-id=\"2ffe6aac\" data-element_type=\"column\" data-settings=\"{&quot;background_background&quot;:&quot;classic&quot;}\">\n\t\t\t<div class=\"elementor-widget-wrap elementor-element-populated\">\n\t\t\t\t\t\t<div class=\"elementor-element elementor-element-6547affa jkit-equal-height-disable elementor-widget elementor-widget-jkit_icon_box\" data-id=\"6547affa\" data-element_type=\"widget\" data-widget_type=\"jkit_icon_box.default\">\n\t\t\t\t<div class=\"elementor-widget-container\">\n\t\t\t\t\t<div  class=\"jeg-elementor-kit jkit-icon-box icon-position-top elementor-animation-float jeg_module__4_69eb3f04f187e\" ><div class=\"jkit-icon-box-wrapper hover-from-left\"><div class=\"icon-box icon-box-header elementor-animation-\"><div class=\"icon style-color\"><img loading=\"lazy\" decoding=\"async\" width=\"423\" height=\"325\" src=\"https:\/\/hostneva.com\/wp-content\/uploads\/2023\/12\/Asset-0108.png\" class=\"attachment-full size-full\" alt=\"Fiziksel Sunucular\" url=\"https:\/\/hostneva.com\/wp-content\/uploads\/2023\/12\/Asset-0108.png\" srcset=\"https:\/\/hostneva.com\/wp-content\/uploads\/2023\/12\/Asset-0108.png 423w, https:\/\/hostneva.com\/wp-content\/uploads\/2023\/12\/Asset-0108-300x230.png 300w, https:\/\/hostneva.com\/wp-content\/uploads\/2023\/12\/Asset-0108-16x12.png 16w\" sizes=\"(max-width: 423px) 100vw, 423px\" \/><\/div><\/div><div class=\"icon-box icon-box-body\">\n                <h4 class=\"title\">Fiziksel Sunucular<\/h4><p class=\"icon-box-description\">Kiral\u0131k Sunucular Hakk\u0131nda Sorular.<\/p><div class=\"icon-box-button\">\n                <div class=\"btn-wrapper icon-position-before\">\n                    <a href=\"\" class=\"icon-box-link\" aria-label=\"10 SSS | 8 makale\">10 SSS | 8 makale<\/a>\n                <\/div>\n            <\/div>\n            <\/div>\n            \n            <\/div><\/div>\t\t\t\t<\/div>\n\t\t\t\t<\/div>\n\t\t\t\t\t<\/div>\n\t\t<\/div>\n\t\t\t\t\t<\/div>\n\t\t<\/section>\n\t\t\t\t<section class=\"elementor-section elementor-inner-section elementor-element elementor-element-3b261724 elementor-section-boxed elementor-section-height-default elementor-section-height-default\" data-id=\"3b261724\" data-element_type=\"section\">\n\t\t\t\t\t\t<div class=\"elementor-container elementor-column-gap-default\">\n\t\t\t\t\t<div class=\"elementor-column elementor-col-25 elementor-inner-column elementor-element elementor-element-7b0426e7\" data-id=\"7b0426e7\" data-element_type=\"column\" data-settings=\"{&quot;background_background&quot;:&quot;classic&quot;}\">\n\t\t\t<div class=\"elementor-widget-wrap elementor-element-populated\">\n\t\t\t\t\t\t<div class=\"elementor-element elementor-element-1fa98c44 jkit-equal-height-disable elementor-widget elementor-widget-jkit_icon_box\" data-id=\"1fa98c44\" data-element_type=\"widget\" data-widget_type=\"jkit_icon_box.default\">\n\t\t\t\t<div class=\"elementor-widget-container\">\n\t\t\t\t\t<div  class=\"jeg-elementor-kit jkit-icon-box icon-position-top elementor-animation-float jeg_module__5_69eb3f04f245a\" ><div class=\"jkit-icon-box-wrapper hover-from-left\"><div class=\"icon-box icon-box-header elementor-animation-\"><div class=\"icon style-color\"><img loading=\"lazy\" decoding=\"async\" width=\"423\" height=\"325\" src=\"https:\/\/hostneva.com\/wp-content\/uploads\/2023\/12\/Asset-0108.png\" class=\"attachment-full size-full\" alt=\"Alanlar\" url=\"https:\/\/hostneva.com\/wp-content\/uploads\/2023\/12\/Asset-0108.png\" srcset=\"https:\/\/hostneva.com\/wp-content\/uploads\/2023\/12\/Asset-0108.png 423w, https:\/\/hostneva.com\/wp-content\/uploads\/2023\/12\/Asset-0108-300x230.png 300w, https:\/\/hostneva.com\/wp-content\/uploads\/2023\/12\/Asset-0108-16x12.png 16w\" sizes=\"(max-width: 423px) 100vw, 423px\" \/><\/div><\/div><div class=\"icon-box icon-box-body\">\n                <h4 class=\"title\">Alanlar<\/h4><p class=\"icon-box-description\">Alan Adlar\u0131 Hakk\u0131nda Sorular.<\/p><div class=\"icon-box-button\">\n                <div class=\"btn-wrapper icon-position-before\">\n                    <a href=\"\" class=\"icon-box-link\" aria-label=\"3 Video | 8 makale\">3 Video | 8 makale<\/a>\n                <\/div>\n            <\/div>\n            <\/div>\n            \n            <\/div><\/div>\t\t\t\t<\/div>\n\t\t\t\t<\/div>\n\t\t\t\t\t<\/div>\n\t\t<\/div>\n\t\t\t\t<div class=\"elementor-column elementor-col-25 elementor-inner-column elementor-element elementor-element-55802b59\" data-id=\"55802b59\" data-element_type=\"column\" data-settings=\"{&quot;background_background&quot;:&quot;classic&quot;}\">\n\t\t\t<div class=\"elementor-widget-wrap elementor-element-populated\">\n\t\t\t\t\t\t<div class=\"elementor-element elementor-element-54785e47 jkit-equal-height-disable elementor-widget elementor-widget-jkit_icon_box\" data-id=\"54785e47\" data-element_type=\"widget\" data-widget_type=\"jkit_icon_box.default\">\n\t\t\t\t<div class=\"elementor-widget-container\">\n\t\t\t\t\t<div  class=\"jeg-elementor-kit jkit-icon-box icon-position-top elementor-animation-float jeg_module__6_69eb3f04f2e0a\" ><div class=\"jkit-icon-box-wrapper hover-from-left\"><div class=\"icon-box icon-box-header elementor-animation-\"><div class=\"icon style-color\"><img loading=\"lazy\" decoding=\"async\" width=\"423\" height=\"325\" src=\"https:\/\/hostneva.com\/wp-content\/uploads\/2023\/12\/Asset-0108.png\" class=\"attachment-full size-full\" alt=\"DNS Y\u00f6netimi\" url=\"https:\/\/hostneva.com\/wp-content\/uploads\/2023\/12\/Asset-0108.png\" srcset=\"https:\/\/hostneva.com\/wp-content\/uploads\/2023\/12\/Asset-0108.png 423w, https:\/\/hostneva.com\/wp-content\/uploads\/2023\/12\/Asset-0108-300x230.png 300w, https:\/\/hostneva.com\/wp-content\/uploads\/2023\/12\/Asset-0108-16x12.png 16w\" sizes=\"(max-width: 423px) 100vw, 423px\" \/><\/div><\/div><div class=\"icon-box icon-box-body\">\n                <h4 class=\"title\">DNS Y\u00f6netimi<\/h4><p class=\"icon-box-description\">DNS Y\u00f6netimi Hakk\u0131nda Sorular.<\/p><div class=\"icon-box-button\">\n                <div class=\"btn-wrapper icon-position-before\">\n                    <a href=\"\" class=\"icon-box-link\" aria-label=\"20 SSS | 8 makale\">20 SSS | 8 makale<\/a>\n                <\/div>\n            <\/div>\n            <\/div>\n            \n            <\/div><\/div>\t\t\t\t<\/div>\n\t\t\t\t<\/div>\n\t\t\t\t\t<\/div>\n\t\t<\/div>\n\t\t\t\t<div class=\"elementor-column elementor-col-25 elementor-inner-column elementor-element elementor-element-27dfc0db\" data-id=\"27dfc0db\" data-element_type=\"column\" data-settings=\"{&quot;background_background&quot;:&quot;classic&quot;}\">\n\t\t\t<div class=\"elementor-widget-wrap elementor-element-populated\">\n\t\t\t\t\t\t<div class=\"elementor-element elementor-element-7c8637ff jkit-equal-height-disable elementor-widget elementor-widget-jkit_icon_box\" data-id=\"7c8637ff\" data-element_type=\"widget\" data-widget_type=\"jkit_icon_box.default\">\n\t\t\t\t<div class=\"elementor-widget-container\">\n\t\t\t\t\t<div  class=\"jeg-elementor-kit jkit-icon-box icon-position-top elementor-animation-float jeg_module__7_69eb3f0500199\" ><div class=\"jkit-icon-box-wrapper hover-from-left\"><div class=\"icon-box icon-box-header elementor-animation-\"><div class=\"icon style-color\"><img loading=\"lazy\" decoding=\"async\" width=\"423\" height=\"325\" src=\"https:\/\/hostneva.com\/wp-content\/uploads\/2023\/12\/Asset-0108.png\" class=\"attachment-full size-full\" alt=\"MySQL Veritabanlar\u0131\" url=\"https:\/\/hostneva.com\/wp-content\/uploads\/2023\/12\/Asset-0108.png\" srcset=\"https:\/\/hostneva.com\/wp-content\/uploads\/2023\/12\/Asset-0108.png 423w, https:\/\/hostneva.com\/wp-content\/uploads\/2023\/12\/Asset-0108-300x230.png 300w, https:\/\/hostneva.com\/wp-content\/uploads\/2023\/12\/Asset-0108-16x12.png 16w\" sizes=\"(max-width: 423px) 100vw, 423px\" \/><\/div><\/div><div class=\"icon-box icon-box-body\">\n                <h4 class=\"title\">MySQL Veritabanlar\u0131<\/h4><p class=\"icon-box-description\">Veritabanlar\u0131 Hakk\u0131nda Sorular.<\/p><div class=\"icon-box-button\">\n                <div class=\"btn-wrapper icon-position-before\">\n                    <a href=\"\" class=\"icon-box-link\" aria-label=\"7 SSS | 8 makale\">7 SSS | 8 makale<\/a>\n                <\/div>\n            <\/div>\n            <\/div>\n            \n            <\/div><\/div>\t\t\t\t<\/div>\n\t\t\t\t<\/div>\n\t\t\t\t\t<\/div>\n\t\t<\/div>\n\t\t\t\t<div class=\"elementor-column elementor-col-25 elementor-inner-column elementor-element elementor-element-1db15b35\" data-id=\"1db15b35\" data-element_type=\"column\" data-settings=\"{&quot;background_background&quot;:&quot;classic&quot;}\">\n\t\t\t<div class=\"elementor-widget-wrap elementor-element-populated\">\n\t\t\t\t\t\t<div class=\"elementor-element elementor-element-96d1674 jkit-equal-height-disable elementor-widget elementor-widget-jkit_icon_box\" data-id=\"96d1674\" data-element_type=\"widget\" data-widget_type=\"jkit_icon_box.default\">\n\t\t\t\t<div class=\"elementor-widget-container\">\n\t\t\t\t\t<div  class=\"jeg-elementor-kit jkit-icon-box icon-position-top elementor-animation-float jeg_module__8_69eb3f0502450\" ><div class=\"jkit-icon-box-wrapper hover-from-left\"><div class=\"icon-box icon-box-header elementor-animation-\"><div class=\"icon style-color\"><img loading=\"lazy\" decoding=\"async\" width=\"423\" height=\"325\" src=\"https:\/\/hostneva.com\/wp-content\/uploads\/2023\/12\/Asset-0108.png\" class=\"attachment-full size-full\" alt=\"Faturaland\u0131rma\" url=\"https:\/\/hostneva.com\/wp-content\/uploads\/2023\/12\/Asset-0108.png\" srcset=\"https:\/\/hostneva.com\/wp-content\/uploads\/2023\/12\/Asset-0108.png 423w, https:\/\/hostneva.com\/wp-content\/uploads\/2023\/12\/Asset-0108-300x230.png 300w, https:\/\/hostneva.com\/wp-content\/uploads\/2023\/12\/Asset-0108-16x12.png 16w\" sizes=\"(max-width: 423px) 100vw, 423px\" \/><\/div><\/div><div class=\"icon-box icon-box-body\">\n                <h4 class=\"title\">Faturaland\u0131rma<\/h4><p class=\"icon-box-description\">Fatura \u00d6demesine \u0130li\u015fkin Sorular.<\/p><div class=\"icon-box-button\">\n                <div class=\"btn-wrapper icon-position-before\">\n                    <a href=\"\" class=\"icon-box-link\" aria-label=\"10 SSS | 8 makale\">10 SSS | 8 makale<\/a>\n                <\/div>\n            <\/div>\n            <\/div>\n            \n            <\/div><\/div>\t\t\t\t<\/div>\n\t\t\t\t<\/div>\n\t\t\t\t\t<\/div>\n\t\t<\/div>\n\t\t\t\t\t<\/div>\n\t\t<\/section>\n\t\t\t\t\t<\/div>\n\t\t<\/div>\n\t\t\t\t\t<\/div>\n\t\t<\/section>\n\t\t\t\t<\/div>","protected":false},"excerpt":{"rendered":"","protected":false},"author":1,"featured_media":0,"parent":0,"menu_order":0,"comment_status":"closed","ping_status":"closed","template":"elementor_header_footer","meta":{"footnotes":""},"class_list":["post-300","page","type-page","status-publish","hentry"],"_links":{"self":[{"href":"https:\/\/hostneva.com\/tr\/wp-json\/wp\/v2\/pages\/300","targetHints":{"allow":["GET"]}}],"collection":[{"href":"https:\/\/hostneva.com\/tr\/wp-json\/wp\/v2\/pages"}],"about":[{"href":"https:\/\/hostneva.com\/tr\/wp-json\/wp\/v2\/types\/page"}],"author":[{"embeddable":true,"href":"https:\/\/hostneva.com\/tr\/wp-json\/wp\/v2\/users\/1"}],"replies":[{"embeddable":true,"href":"https:\/\/hostneva.com\/tr\/wp-json\/wp\/v2\/comments?post=300"}],"version-history":[{"count":3,"href":"https:\/\/hostneva.com\/tr\/wp-json\/wp\/v2\/pages\/300\/revisions"}],"predecessor-version":[{"id":318,"href":"https:\/\/hostneva.com\/tr\/wp-json\/wp\/v2\/pages\/300\/revisions\/318"}],"wp:attachment":[{"href":"https:\/\/hostneva.com\/tr\/wp-json\/wp\/v2\/media?parent=300"}],"curies":[{"name":"wp","href":"https:\/\/api.w.org\/{rel}","templated":true}]}}